{"id":10,"date":"2024-01-27T18:44:24","date_gmt":"2024-01-27T17:44:24","guid":{"rendered":"https:\/\/elettriko.it\/?page_id=10"},"modified":"2024-02-04T22:34:35","modified_gmt":"2024-02-04T21:34:35","slug":"automazione-e-domotica","status":"publish","type":"page","link":"https:\/\/elettriko.it\/index.php\/automazione-e-domotica\/","title":{"rendered":"Automazione e domotica"},"content":{"rendered":"\n<div class=\"wp-block-cover alignfull is-light\" style=\"margin-top:0;margin-bottom:0;padding-right:0;padding-left:0\"><span aria-hidden=\"true\" class=\"wp-block-cover__background has-background-dim-0 has-background-dim\"><\/span><img loading=\"lazy\" decoding=\"async\" width=\"1920\" height=\"1280\" class=\"wp-block-cover__image-background wp-image-129\" alt=\"\" src=\"https:\/\/elettriko.it\/wp-content\/uploads\/2024\/01\/dispositivi-L-ELETTRIKO-Follonica-007-2880w.webp\" data-object-fit=\"cover\" srcset=\"https:\/\/elettriko.it\/wp-content\/uploads\/2024\/01\/dispositivi-L-ELETTRIKO-Follonica-007-2880w.webp 1920w, https:\/\/elettriko.it\/wp-content\/uploads\/2024\/01\/dispositivi-L-ELETTRIKO-Follonica-007-2880w-300x200.webp 300w, https:\/\/elettriko.it\/wp-content\/uploads\/2024\/01\/dispositivi-L-ELETTRIKO-Follonica-007-2880w-1024x683.webp 1024w, https:\/\/elettriko.it\/wp-content\/uploads\/2024\/01\/dispositivi-L-ELETTRIKO-Follonica-007-2880w-768x512.webp 768w, https:\/\/elettriko.it\/wp-content\/uploads\/2024\/01\/dispositivi-L-ELETTRIKO-Follonica-007-2880w-1536x1024.webp 1536w\" sizes=\"auto, (max-width: 1920px) 100vw, 1920px\" \/><div class=\"wp-block-cover__inner-container is-layout-constrained wp-container-core-cover-is-layout-7bcabc6a wp-block-cover-is-layout-constrained\">\n<div class=\"wp-block-group {padding=100px} has-border-color has-background is-content-justification-left is-layout-constrained wp-container-core-group-is-layout-58a95316 wp-block-group-is-layout-constrained\" style=\"border-color:#fcd307;border-width:5px;border-radius:20px;background-color:#31369985;min-height:0px;margin-top:0em\">\n<div class=\"wp-block-outermost-icon-block alignfull items-justified-center\" style=\"margin-left:0;margin-right:0\"><div class=\"icon-container\" style=\"width:300px\"><svg width=\"300\" height=\"30\" xmlns=\"http:\/\/www.w3.org\/2000\/svg\" xmlns:svg=\"http:\/\/www.w3.org\/2000\/svg\" enable-background=\"new 0 0 120 120\" version=\"1.1\" xml:space=\"preserve\"><title><\/title><g class=\"layer\"><title><\/title><path d=\"m2.75,26.64l24.91,-23.45l24.17,23.45l24.67,-23.64l24.17,23.64l25.65,-23.45c0,0 24.42,23.34 24.17,23.34c-0.25,0 24.67,-23.34 24.67,-23.34c0,0 24.17,23.34 24.17,23.34c0,0 25.16,-23.45 25.16,-23.45c0,0 25.16,23.64 25.16,23.64c0,0 23.67,-24.14 24.17,-23.64c0.5,0.5 23.93,23.55 23.93,23.55\" fill=\"none\" id=\"svg_10\" stroke=\"#ffffff\" stroke-linejoin=\"round\" stroke-width=\"3\"><\/path><\/g><\/svg><\/div><\/div>\n\n\n\n<p class=\"has-text-align-center { border-radius: 25px; border: 2px solid #73AD21;} has-background-color has-text-color has-link-color has-large-font-size wp-elements-5ba24e2308e62664b449930bf99e3da8\">rasforma la tua abitazione in un ambiente ipertecnologico con la domotica<\/p>\n<\/div>\n<\/div><\/div>\n\n\n\n<p>L\u2019Elettriko si occupa di offrire servizi di domotica, per rendere le case pi\u00f9 tecnologiche ed efficienti. Per avere maggiori informazioni su questa attivit\u00e0 contatta l\u2019azienda.<\/p>\n\n\n<p class='wp-call-button-block-button wp-call-button-block-button-center'><a class='wp-call-button-in-btn' href='tel:+393286549423' style='background-color:#31369a' ><svg x=\"0px\" y=\"0px\" width=\"459px\" height=\"459px\" viewBox=\"0 0 459 459\">\r\n\t\t\t\t<path\r\n\t\t\t\t\td=\"M91.8,198.9c35.7,71.4,96.9,130.05,168.3,168.3L316.2,311.1c7.649-7.649,17.85-10.199,25.5-5.1c28.05,10.2,58.649,15.3,91.8,15.3c15.3,0,25.5,10.2,25.5,25.5v86.7c0,15.3-10.2,25.5-25.5,25.5C193.8,459,0,265.2,0,25.5C0,10.2,10.2,0,25.5,0h89.25c15.3,0,25.5,10.2,25.5,25.5c0,30.6,5.1,61.2,15.3,91.8c2.55,7.65,0,17.85-5.1,25.5L91.8,198.9z\"\r\n\t\t\t\t\/>\r\n\t\t\t<\/svg> Chiama ora<\/a><\/p>\n\n\n<div class=\"wp-block-group alignfull is-layout-constrained wp-block-group-is-layout-constrained\">\n<div class=\"wp-block-media-text alignfull has-media-on-the-right is-stacked-on-mobile is-image-fill has-background\" style=\"background-color:#f1f1f1;margin-top:var(--wp--preset--spacing--60);margin-bottom:var(--wp--preset--spacing--60)\"><div class=\"wp-block-media-text__content\">\n<h2 class=\"wp-block-heading\">Come funziona la domotica<\/h2>\n\n\n\n<p>Attraverso la domotica \u00e8 possibile rendere la casa pi\u00f9 efficiente e intelligente, coordinando le varie apparecchiature e gli impianti e avere una maggiore tecnologia nella propria abitazione.<br>Con la domotica \u00e8 per esempio possibile accendere e spegnere il riscaldamento e l\u2019illuminazione anche da remoto, oppure chiudere imposte e serramenti in modo centralizzato: le operazioni ripetitive diventano pi\u00f9 semplici da eseguire.<br>La domotica pu\u00f2 servire in casa per differenti attivit\u00e0:<\/p>\n\n\n\n<p>accensione e spegnimento dell\u2019illuminazione<\/p>\n\n\n\n<ul class=\"wp-block-list\">\n<li>gestione del riscaldamento e condizionamento<\/li>\n\n\n\n<li>chiusura e apertura di serramenti e imposte<\/li>\n\n\n\n<li>gestione degli elettrodomestici;<\/li>\n\n\n\n<li>comunicazione e informazione (telefono, videocitofono e fax);<\/li>\n\n\n\n<li>impianti d\u2019allarme, antincendio e antifurto<\/li>\n<\/ul>\n\n\n\n<p>Tutto questo pu\u00f2 essere gestito anche da remoto attraverso un pannello di controllo a cui hanno accesso uno o pi\u00f9 utenti.&nbsp;<\/p>\n<\/div><figure class=\"wp-block-media-text__media\" style=\"background-image:url(https:\/\/elettriko.it\/wp-content\/uploads\/2024\/02\/dispositivi-L-ELETTRIKO-Follonica-011-2a9a69eb-2880w.webp);background-position:50% 50%\"><img loading=\"lazy\" decoding=\"async\" width=\"960\" height=\"693\" src=\"https:\/\/elettriko.it\/wp-content\/uploads\/2024\/02\/dispositivi-L-ELETTRIKO-Follonica-011-2a9a69eb-2880w.webp\" alt=\"\" class=\"wp-image-431 size-full\" srcset=\"https:\/\/elettriko.it\/wp-content\/uploads\/2024\/02\/dispositivi-L-ELETTRIKO-Follonica-011-2a9a69eb-2880w.webp 960w, https:\/\/elettriko.it\/wp-content\/uploads\/2024\/02\/dispositivi-L-ELETTRIKO-Follonica-011-2a9a69eb-2880w-300x217.webp 300w, https:\/\/elettriko.it\/wp-content\/uploads\/2024\/02\/dispositivi-L-ELETTRIKO-Follonica-011-2a9a69eb-2880w-768x554.webp 768w\" sizes=\"auto, (max-width: 960px) 100vw, 960px\" \/><\/figure><\/div>\n<\/div>\n\n\n\n<div class=\"wp-block-group alignfull has-background is-layout-constrained wp-block-group-is-layout-constrained\" style=\"background-color:#f1f1f1\">\n<div class=\"wp-block-media-text alignfull is-stacked-on-mobile is-image-fill has-background-background-color has-background\"><figure class=\"wp-block-media-text__media\" style=\"background-image:url(https:\/\/elettriko.it\/wp-content\/uploads\/2024\/02\/dispositivi-L-ELETTRIKO-Follonica-012-13f94657-1092w.webp);background-position:50% 50%\"><img loading=\"lazy\" decoding=\"async\" width=\"960\" height=\"576\" src=\"https:\/\/elettriko.it\/wp-content\/uploads\/2024\/02\/dispositivi-L-ELETTRIKO-Follonica-012-13f94657-1092w.webp\" alt=\"\" class=\"wp-image-432 size-full\" srcset=\"https:\/\/elettriko.it\/wp-content\/uploads\/2024\/02\/dispositivi-L-ELETTRIKO-Follonica-012-13f94657-1092w.webp 960w, https:\/\/elettriko.it\/wp-content\/uploads\/2024\/02\/dispositivi-L-ELETTRIKO-Follonica-012-13f94657-1092w-300x180.webp 300w, https:\/\/elettriko.it\/wp-content\/uploads\/2024\/02\/dispositivi-L-ELETTRIKO-Follonica-012-13f94657-1092w-768x461.webp 768w\" sizes=\"auto, (max-width: 960px) 100vw, 960px\" \/><\/figure><div class=\"wp-block-media-text__content\">\n<h2 class=\"wp-block-heading\">Sistemi di automazione all&#8217;avanguardia<\/h2>\n\n\n\n<p>Ci occupiamo di domotica e della realizzazione di sistemi di automazione tecnologicamente avanzati, offrendo un ottimo servizio di consulenza per ogni cliente, personalizzato e su misura, a seguito di un sopralluogo attento. Con L\u2019Elettriko potrai avere le soluzioni perfette per ogni tua esigenza.<\/p>\n\n\n\n<p>\ufeff<\/p>\n\n\n\n<p>Una volta scelto il sistema pi\u00f9 adatto il nostro staff interverr\u00e0 per l\u2019installazione e sar\u00e0 a tua disposizione anche per manutenzione e assistenza<\/p>\n<\/div><\/div>\n<\/div>\n\n\n\n<div class=\"wp-block-group alignfull is-layout-constrained wp-block-group-is-layout-constrained\">\n<div class=\"wp-block-media-text alignfull has-media-on-the-right is-stacked-on-mobile is-image-fill has-background\" style=\"background-color:#f1f1f1;margin-top:var(--wp--preset--spacing--60);margin-bottom:var(--wp--preset--spacing--60)\"><div class=\"wp-block-media-text__content\">\n<h2 class=\"wp-block-heading\">Automatizza il tuo cancello e vivi in sicurezza!<\/h2>\n\n\n\n<p>La domotica coinvolge anche la tua sicurezza: rivolgiti a noi per automatizzare il tuo nuovo cancello o quello gi\u00e0 esistente. Queste operazioni non vanno ad intaccare l\u2019aspetto estetico del cancello.<\/p>\n<\/div><figure class=\"wp-block-media-text__media\" style=\"background-image:url(https:\/\/elettriko.it\/wp-content\/uploads\/2024\/02\/dispositivi-L-ELETTRIKO-Follonica-013-11ba3d6f-1092w.webp);background-position:50% 50%\"><img loading=\"lazy\" decoding=\"async\" width=\"960\" height=\"641\" src=\"https:\/\/elettriko.it\/wp-content\/uploads\/2024\/02\/dispositivi-L-ELETTRIKO-Follonica-013-11ba3d6f-1092w.webp\" alt=\"\" class=\"wp-image-433 size-full\" srcset=\"https:\/\/elettriko.it\/wp-content\/uploads\/2024\/02\/dispositivi-L-ELETTRIKO-Follonica-013-11ba3d6f-1092w.webp 960w, https:\/\/elettriko.it\/wp-content\/uploads\/2024\/02\/dispositivi-L-ELETTRIKO-Follonica-013-11ba3d6f-1092w-300x200.webp 300w, https:\/\/elettriko.it\/wp-content\/uploads\/2024\/02\/dispositivi-L-ELETTRIKO-Follonica-013-11ba3d6f-1092w-768x513.webp 768w\" sizes=\"auto, (max-width: 960px) 100vw, 960px\" \/><\/figure><\/div>\n<\/div>\n\n\n\n<div class=\"wp-block-group alignwide is-layout-flow wp-block-group-is-layout-flow\" style=\"margin-bottom:var(--wp--preset--spacing--70)\">\n<h2 class=\"wp-block-heading has-text-align-center\">Installazione impianti di domotica<\/h2>\n\n\n\nngg_shortcode_0_placeholder\n<\/div>\n\n\n\n<div class=\"wp-block-cover alignfull has-parallax\" style=\"margin-top:0;margin-bottom:0;padding-right:0;padding-left:0\"><span aria-hidden=\"true\" class=\"wp-block-cover__background has-background-dim-0 has-background-dim\"><\/span><div role=\"img\" class=\"wp-block-cover__image-background wp-image-502 has-parallax\" style=\"background-position:50% 50%;background-image:url(https:\/\/elettriko.it\/wp-content\/uploads\/2024\/02\/dispositivi-L-ELETTRIKO-Follonica-002-f1ac71ad-1920w.webp)\"><\/div><div class=\"wp-block-cover__inner-container is-layout-constrained wp-container-core-cover-is-layout-7bcabc6a wp-block-cover-is-layout-constrained\">\n<div class=\"wp-block-outermost-icon-block aligncenter items-justified-center\" style=\"margin-left:0em;margin-top:5em\"><div class=\"icon-container\" style=\"width:150px\"><svg height=\"800px\" width=\"800px\" version=\"1.1\" id=\"Layer_1\" xmlns=\"http:\/\/www.w3.org\/2000\/svg\" xmlns-xlink=\"http:\/\/www.w3.org\/1999\/xlink\" viewBox=\"0 0 512 512\" xml:space=\"preserve\"><g class=\"layer\"><title><\/title><circle cx=\"255\" cy=\"255\" fill=\"#31369a\" id=\"svg_13\" r=\"250\" stroke=\"#fcd307\" stroke-width=\"6\"><\/circle><circle cx=\"255\" cy=\"255\" fill=\"#31369a\" id=\"svg_14\" r=\"238\" stroke=\"#fcd307\" stroke-width=\"6\" transform=\"matrix(1 0 0 1 0 0)\"><\/circle><\/g><g fill=\"#FFFFFF\"><path d=\"m413.18,95.48c-18.21,-14.5 -42.31,-22.48 -67.87,-22.48s-49.65,7.98 -67.86,22.48c-10.31,8.2 -18.07,17.95 -22.98,28.62l-122.82,0c-14.87,0 -26.97,12.32 -26.97,27.47l0,249.96c0,15.14 12.1,27.47 26.97,27.47l132.03,0c14.87,0 26.97,-12.33 26.97,-27.47l0,-184.2c7.64,4.23 16.1,7.63 25.22,9.97c0.62,9.4 0.01,22.54 -6.27,32.28c-1.9,2.94 -1.72,6.8 0.45,9.54c1.54,1.95 3.84,3.02 6.2,3.02c0.96,0 1.92,-0.17 2.86,-0.54c1.61,-0.63 38.6,-15.42 57.8,-44.88c18.13,-5.05 33.83,-14.25 45.54,-26.73c13.01,-13.85 19.88,-30.45 19.88,-48c0,-21.49 -10.36,-41.55 -29.14,-56.52l-0.01,0.01zm-292.57,56.09c0,-6.2 4.96,-11.26 11.05,-11.26l117.69,0c-0.69,3.83 -1.04,7.73 -1.04,11.68c0,3.38 0.27,6.72 0.78,9.99l-128.48,0l0,-10.42l0,0.01zm154.12,249.96c0,6.2 -4.96,11.26 -11.05,11.26l-132.03,0c-6.09,0 -11.04,-5.05 -11.04,-11.26l0,-10.42l154.12,0l0,10.42l0.01,0l-0.01,0zm-154.12,-26.64l0,-196.68l133.17,0c4.52,10.51 11.69,20.07 20.96,28.07l0,168.61l-154.12,0l-0.01,0zm249.36,-163.09c-2.06,0.51 -3.84,1.84 -4.93,3.69c-8.51,14.37 -22.83,25.14 -34.24,32.03c1.75,-9.96 1.33,-19.91 0.31,-27.88c-0.44,-3.45 -2.98,-6.22 -6.33,-6.9c-35.65,-7.25 -60.55,-32.22 -60.55,-60.74c0,-34.62 36.37,-62.78 81.08,-62.78s81.09,28.16 81.09,62.78c0,27.4 -22.68,51.43 -56.43,59.8z\"><\/path><path d=\"m308.89,143.89c-2.1,0 -4.15,0.87 -5.63,2.37s-2.33,3.6 -2.33,5.74s0.85,4.23 2.33,5.73c1.48,1.51 3.54,2.38 5.63,2.38s4.15,-0.87 5.62,-2.38s2.33,-3.59 2.33,-5.73s-0.85,-4.23 -2.33,-5.74s-3.53,-2.37 -5.62,-2.37z\"><\/path><path d=\"m345.31,143.89c-4.39,0 -7.96,3.63 -7.96,8.11c0,4.48 3.56,8.11 7.96,8.11c4.4,0 7.96,-3.63 7.96,-8.11c0.01,-4.48 -3.56,-8.11 -7.96,-8.11z\"><\/path><path d=\"m381.74,143.89c-2.1,0 -4.15,0.87 -5.63,2.37c-1.48,1.51 -2.33,3.6 -2.33,5.74s0.85,4.23 2.33,5.73c1.48,1.51 3.54,2.38 5.63,2.38s4.14,-0.87 5.62,-2.38c1.48,-1.5 2.33,-3.59 2.33,-5.73s-0.85,-4.23 -2.33,-5.74c-1.48,-1.51 -3.54,-2.37 -5.62,-2.37z\"><\/path><path d=\"m145.94,218.13l34.49,0c4.4,0 7.96,-3.63 7.96,-8.11s-3.56,-8.11 -7.96,-8.11l-34.49,0c-4.4,0 -7.96,3.63 -7.96,8.11s3.56,8.11 7.96,8.11z\"><\/path><path d=\"m145.94,250.56l56.25,0c4.4,0 7.96,-3.63 7.96,-8.11s-3.56,-8.11 -7.96,-8.11l-56.25,0c-4.4,0 -7.96,3.63 -7.96,8.11s3.56,8.11 7.96,8.11z\"><\/path><path d=\"m254.67,266.78l-49.35,0c-4.4,0 -7.96,3.63 -7.96,8.11c0,4.48 3.56,8.11 7.96,8.11l49.35,0c4.4,0 7.96,-3.63 7.96,-8.11s-3.56,-8.11 -7.96,-8.11z\"><\/path><path d=\"m186.55,299.21l-40.61,0c-4.4,0 -7.96,3.63 -7.96,8.11s3.56,8.11 7.96,8.11l40.61,0c4.4,0 7.96,-3.63 7.96,-8.11s-3.56,-8.11 -7.96,-8.11z\"><\/path><path d=\"m254.67,331.64l-48.23,0c-4.4,0 -7.96,3.63 -7.96,8.11s3.56,8.11 7.96,8.11l48.23,0c4.4,0 7.96,-3.63 7.96,-8.11s-3.56,-8.11 -7.96,-8.11z\"><\/path><\/g><\/svg><\/div><\/div>\n\n\n\n<div class=\"wp-block-group {padding=100px} has-border-color has-background is-content-justification-left is-layout-constrained wp-container-core-group-is-layout-58a95316 wp-block-group-is-layout-constrained\" style=\"border-color:#fcd307;border-width:5px;border-radius:20px;background-color:#31369985;min-height:0px;margin-top:0em\">\n<p class=\"has-text-align-center { border-radius: 25px; border: 2px solid #73AD21;} has-background-color has-text-color has-link-color has-large-font-size wp-elements-186885a8096defb4e00535ed23115aa1\"><strong>Per maggiori informazioni su come installare sistemi di domotica presso la tua abitazione contattaci<\/strong><\/p>\n\n\n<p class='wp-call-button-block-button wp-call-button-block-button-center'><a class='wp-call-button-in-btn' href='tel:+393286549423' style='background-color:#61369a' ><svg x=\"0px\" y=\"0px\" width=\"459px\" height=\"459px\" viewBox=\"0 0 459 459\">\r\n\t\t\t\t<path\r\n\t\t\t\t\td=\"M91.8,198.9c35.7,71.4,96.9,130.05,168.3,168.3L316.2,311.1c7.649-7.649,17.85-10.199,25.5-5.1c28.05,10.2,58.649,15.3,91.8,15.3c15.3,0,25.5,10.2,25.5,25.5v86.7c0,15.3-10.2,25.5-25.5,25.5C193.8,459,0,265.2,0,25.5C0,10.2,10.2,0,25.5,0h89.25c15.3,0,25.5,10.2,25.5,25.5c0,30.6,5.1,61.2,15.3,91.8c2.55,7.65,0,17.85-5.1,25.5L91.8,198.9z\"\r\n\t\t\t\t\/>\r\n\t\t\t<\/svg> Chiama ora<\/a><\/p><\/div>\n<\/div><\/div>\n","protected":false},"excerpt":{"rendered":"<p>L\u2019Elettriko si occupa di offrire servizi di domotica, per rendere le case pi\u00f9 tecnologiche ed [&hellip;]<\/p>\n","protected":false},"author":1,"featured_media":0,"parent":0,"menu_order":0,"comment_status":"closed","ping_status":"closed","template":"page-no-title","meta":{"ngg_post_thumbnail":0,"footnotes":""},"class_list":["post-10","page","type-page","status-publish","hentry"],"_links":{"self":[{"href":"https:\/\/elettriko.it\/index.php\/wp-json\/wp\/v2\/pages\/10","targetHints":{"allow":["GET"]}}],"collection":[{"href":"https:\/\/elettriko.it\/index.php\/wp-json\/wp\/v2\/pages"}],"about":[{"href":"https:\/\/elettriko.it\/index.php\/wp-json\/wp\/v2\/types\/page"}],"author":[{"embeddable":true,"href":"https:\/\/elettriko.it\/index.php\/wp-json\/wp\/v2\/users\/1"}],"replies":[{"embeddable":true,"href":"https:\/\/elettriko.it\/index.php\/wp-json\/wp\/v2\/comments?post=10"}],"version-history":[{"count":12,"href":"https:\/\/elettriko.it\/index.php\/wp-json\/wp\/v2\/pages\/10\/revisions"}],"predecessor-version":[{"id":505,"href":"https:\/\/elettriko.it\/index.php\/wp-json\/wp\/v2\/pages\/10\/revisions\/505"}],"wp:attachment":[{"href":"https:\/\/elettriko.it\/index.php\/wp-json\/wp\/v2\/media?parent=10"}],"curies":[{"name":"wp","href":"https:\/\/api.w.org\/{rel}","templated":true}]}}